{"id":2094,"date":"2025-05-27T18:01:56","date_gmt":"2025-05-27T18:01:56","guid":{"rendered":"https:\/\/jugendkulturmeile-kaiserslautern.de\/?page_id=2094"},"modified":"2025-05-27T18:05:43","modified_gmt":"2025-05-27T18:05:43","slug":"info-jugendkunstschule-duplicate-1","status":"publish","type":"page","link":"https:\/\/jugendkulturmeile-kaiserslautern.de\/?page_id=2094","title":{"rendered":"Was uns antreibt"},"content":{"rendered":"\t\t<div data-elementor-type=\"wp-post\" data-elementor-id=\"2094\" class=\"elementor elementor-2094\">\n\t\t\t\t\t\t<div class=\"elementor-inner\">\n\t\t\t\t<div class=\"elementor-section-wrap\">\n\t\t\t\t\t\t\t\t\t<section class=\"elementor-section elementor-top-section elementor-element elementor-element-14f0aa95 elementor-section-boxed elementor-section-height-default elementor-section-height-default\" data-id=\"14f0aa95\" data-element_type=\"section\">\n\t\t\t\t\t\t<div class=\"elementor-container elementor-column-gap-default\">\n\t\t\t\t\t\t\t<div class=\"elementor-row\">\n\t\t\t\t\t<div class=\"elementor-column elementor-col-100 elementor-top-column elementor-element elementor-element-69b87ada\" data-id=\"69b87ada\" data-element_type=\"column\">\n\t\t\t<div class=\"elementor-column-wrap elementor-element-populated\">\n\t\t\t\t\t\t\t<div class=\"elementor-widget-wrap\">\n\t\t\t\t\t\t<div class=\"elementor-element elementor-element-26c1db3c elementor-widget elementor-widget-text-editor\" data-id=\"26c1db3c\" data-element_type=\"widget\" data-widget_type=\"text-editor.default\">\n\t\t\t\t<div class=\"elementor-widget-container\">\n\t\t\t\t\t\t\t\t<div class=\"elementor-text-editor elementor-clearfix\">\n\t\t\t\t<h1>Was uns antreibt &#8211; ein gemeinsames Papier der Jugendkulturmeile Kaiserslautern zum Begriff der Kulturellen Bildung<\/h1><p>Unser Verst\u00e4ndnis von kultureller Bildung ist die Vision, sich auf eine Reise zu begeben. Einen fest vorgegebenen Plan gibt es bei dieser Reise nicht \u2013 vielmehr geht es darum, einfach zu machen und auszuprobieren! Diese nonformale, freiwillige Lernweise macht es m\u00f6glich, neue Welten zu entdecken und gleichzeitig die eigene zu bereichern. Denn kulturelle Bildung ist einladend und bietet einen wertvollen Beitrag zur pers\u00f6nlichen Allgemeinbildung, zur Pers\u00f6nlichkeitsentwicklung sowie zum sozialen Lernen!<\/p><p>Kulturelle Bildung f\u00f6rdert die Entwicklung von Kompetenzen, die auch in anderen Lebensbereichen von Bedeutung sind; sie st\u00e4rkt das Selbstbewusstsein, die Selbstwahrnehmung sowie die Ausdrucksf\u00e4higkeit derer, die sie erleben. Sozialkompetenz wird gef\u00f6rdert und Empathie entwickelt. &#8211; Doch vor allem stehen der kreative Ausdruck und Genuss im Vordergrund, ebenso wie der Spa\u00df und die M\u00f6glichkeit, eine Pause von sich selbst zu machen.<\/p><p>Bei Formaten der kulturellen Bildung gibt es keine Voraussetzungen, die erf\u00fcllt werden m\u00fcssen, und es gibt keine Bewertung: Es gibt kein \u201erichtig\u201c oder \u201efalsch\u201c, nur ein \u201eso\u201c oder eben \u201eanders\u201c. Wird so der Leistungsdruck genommen, entstehen Raum f\u00fcr Entfaltung und die Chance, die eigenen F\u00e4higkeiten zu entdecken. Zugleich erfahren die Teilnehmenden Wertsch\u00e4tzung und werden ermutigt, sich einzulassen und neue Dinge auszuprobieren.<\/p><p>Der Prozess der kulturellen Bildung besteht darin, sich schrittweise auf menschliche Beziehungen einzulassen: Kontakt aufnehmen zu den Teilnehmenden, mit ihnen in Kontakt treten und sie schlie\u00dflich mit dem jeweiligen Format der kulturellen Bildung in Kontakt bringen. Dieser Prozess wirkt aktivierend und f\u00fchrt dazu, dass Leidenschaft und der Ehrgeiz geweckt werden, sich zu verbessern und das bestm\u00f6gliche Ergebnis zu erzielen \u2013 doch stets im Bezug zu sich selbst, zu den eigenen Anspr\u00fcchen, nicht im Wettstreit um gesellschaftliche Anerkennung und nicht im Kampf um beste Bewertungen von au\u00dfen.<\/p><p>Wir haben uns entschieden, bei unseren Projekten das Wort \u201eniederschwellig\u201c durch die Begriffe \u201e(frei) zug\u00e4nglich\u201c und \u201eoffen\u201c zu ersetzen um zu verdeutlichen, dass kulturelle Bildung allen offensteht und keine Barrieren aufbaut. Schwellen, und seien sie noch so niedrig, braucht bei uns niemand zu \u00fcberwinden.<\/p><p>\u00a0<\/p><p>\u00a0<\/p><p>\u00a0<\/p><p>\u00a0<\/p><p>\u00a0<\/p><p>Gef\u00f6rdert durch:<\/p><p><img title=\"MFFKI_mehrfarbig\" src=\"https:\/\/jugendkulturmeile-kaiserslautern.de\/wp-content\/uploads\/elementor\/thumbs\/MFFKI_mehrfarbig-pkzhn2f1xhoo9zhglgo7ovqo9xrwm2pt8x4xixk6ms.jpg\" alt=\"MFFKI_mehrfarbig\" \/><\/p><h6><a href=\"http:\/\/Alexis%20LLC%20UK.\">Tr\u00e4ger der Einrichtungen der Jugendkulturmeile sind<\/a><\/h6><p><a href=\"https:\/\/www.kaiserslautern.de\" target=\"_blank\" rel=\"noopener\"><br \/><img loading=\"lazy\" src=\"https:\/\/jugendkulturmeile-kaiserslautern.de\/wp-content\/uploads\/2020\/01\/logo-stadt.png\" alt=\"\" width=\"154\" height=\"70\" \/> <\/a><br \/><a href=\"https:\/\/www.bv-pfalz.de\" target=\"_blank\" rel=\"noopener\"><br \/><img loading=\"lazy\" src=\"https:\/\/jugendkulturmeile-kaiserslautern.de\/wp-content\/uploads\/2021\/03\/bezirksverband-pfalz.jpg\" alt=\"\" width=\"214\" height=\"106\" \/> <\/a><br \/><a href=\"https:\/\/www.vhs-kaiserslautern.de\" target=\"_blank\" rel=\"noopener\"><br \/><img loading=\"lazy\" src=\"https:\/\/jugendkulturmeile-kaiserslautern.de\/wp-content\/uploads\/2022\/03\/vhs-logo.jpg\" sizes=\"(max-width: 373px) 100vw, 373px\" srcset=\"https:\/\/jugendkulturmeile-kaiserslautern.de\/wp-content\/uploads\/2022\/03\/vhs-logo.jpg 373w, https:\/\/jugendkulturmeile-kaiserslautern.de\/wp-content\/uploads\/2022\/03\/vhs-logo-300x85.jpg 300w\" alt=\"\" width=\"373\" height=\"106\" \/><\/a>Was uns antreibt<\/p>\t\t\t\t\t<\/div>\n\t\t\t\t\t\t<\/div>\n\t\t\t\t<\/div>\n\t\t\t\t\t\t<\/div>\n\t\t\t\t\t<\/div>\n\t\t<\/div>\n\t\t\t\t\t\t\t\t<\/div>\n\t\t\t\t\t<\/div>\n\t\t<\/section>\n\t\t\t\t\t\t\t\t\t<\/div>\n\t\t\t<\/div>\n\t\t\t\t\t<\/div>\n\t\t","protected":false},"excerpt":{"rendered":"<p>Was uns antreibt &#8211; ein gemeinsames Papier der Jugendkulturmeile Kaiserslautern zum Begriff der Kulturellen Bildung Unser Verst\u00e4ndnis von kultureller Bildung ist die Vision, sich auf eine Reise zu begeben. Einen fest vorgegebenen Plan gibt es bei dieser Reise nicht \u2013 vielmehr geht es darum, einfach zu machen und auszuprobieren! Diese nonformale, freiwillige Lernweise macht es&hellip;&nbsp;<a href=\"https:\/\/jugendkulturmeile-kaiserslautern.de\/?page_id=2094\" class=\"\" rel=\"bookmark\">Weiterlesen &raquo;<span class=\"screen-reader-text\">Was uns antreibt<\/span><\/a><\/p>\n","protected":false},"author":1,"featured_media":0,"parent":0,"menu_order":0,"comment_status":"closed","ping_status":"closed","template":"page-templates\/template-pagebuilder-full-width.php","meta":{"neve_meta_sidebar":"","neve_meta_container":"","neve_meta_enable_content_width":"off","neve_meta_content_width":0,"neve_meta_title_alignment":"","neve_meta_author_avatar":"","neve_post_elements_order":"","neve_meta_disable_header":"","neve_meta_disable_footer":"","neve_meta_disable_title":""},"_links":{"self":[{"href":"https:\/\/jugendkulturmeile-kaiserslautern.de\/index.php?rest_route=\/wp\/v2\/pages\/2094"}],"collection":[{"href":"https:\/\/jugendkulturmeile-kaiserslautern.de\/index.php?rest_route=\/wp\/v2\/pages"}],"about":[{"href":"https:\/\/jugendkulturmeile-kaiserslautern.de\/index.php?rest_route=\/wp\/v2\/types\/page"}],"author":[{"embeddable":true,"href":"https:\/\/jugendkulturmeile-kaiserslautern.de\/index.php?rest_route=\/wp\/v2\/users\/1"}],"replies":[{"embeddable":true,"href":"https:\/\/jugendkulturmeile-kaiserslautern.de\/index.php?rest_route=%2Fwp%2Fv2%2Fcomments&post=2094"}],"version-history":[{"count":4,"href":"https:\/\/jugendkulturmeile-kaiserslautern.de\/index.php?rest_route=\/wp\/v2\/pages\/2094\/revisions"}],"predecessor-version":[{"id":2098,"href":"https:\/\/jugendkulturmeile-kaiserslautern.de\/index.php?rest_route=\/wp\/v2\/pages\/2094\/revisions\/2098"}],"wp:attachment":[{"href":"https:\/\/jugendkulturmeile-kaiserslautern.de\/index.php?rest_route=%2Fwp%2Fv2%2Fmedia&parent=2094"}],"curies":[{"name":"wp","href":"https:\/\/api.w.org\/{rel}","templated":true}]}}