{"id":1021,"date":"2021-05-09T16:42:54","date_gmt":"2021-05-09T16:42:54","guid":{"rendered":"http:\/\/inhalt.jugendkulturmeile-kaiserslautern.de\/?page_id=1021"},"modified":"2025-05-25T13:58:02","modified_gmt":"2025-05-25T13:58:02","slug":"info-pfalzgalerie-duplicate-1-5","status":"publish","type":"page","link":"https:\/\/jugendkulturmeile-kaiserslautern.de\/?page_id=1021","title":{"rendered":"Info-Jugendkunstschule"},"content":{"rendered":"\t\t<div data-elementor-type=\"wp-post\" data-elementor-id=\"1021\" class=\"elementor elementor-1021\">\n\t\t\t\t\t\t<div class=\"elementor-inner\">\n\t\t\t\t<div class=\"elementor-section-wrap\">\n\t\t\t\t\t\t\t\t\t<section class=\"elementor-section elementor-top-section elementor-element elementor-element-6bea8fc8 elementor-section-boxed elementor-section-height-default elementor-section-height-default\" data-id=\"6bea8fc8\" data-element_type=\"section\" data-settings=\"{&quot;background_background&quot;:&quot;classic&quot;}\">\n\t\t\t\t\t\t\t<div class=\"elementor-background-overlay\"><\/div>\n\t\t\t\t\t\t\t<div class=\"elementor-container elementor-column-gap-default\">\n\t\t\t\t\t\t\t<div class=\"elementor-row\">\n\t\t\t\t\t<div class=\"elementor-column elementor-col-100 elementor-top-column elementor-element elementor-element-c206e1f\" data-id=\"c206e1f\" data-element_type=\"column\">\n\t\t\t<div class=\"elementor-column-wrap elementor-element-populated\">\n\t\t\t\t\t\t\t<div class=\"elementor-widget-wrap\">\n\t\t\t\t\t\t<div class=\"elementor-element elementor-element-19cd67d7 elementor-widget elementor-widget-heading\" data-id=\"19cd67d7\" data-element_type=\"widget\" data-widget_type=\"heading.default\">\n\t\t\t\t<div class=\"elementor-widget-container\">\n\t\t\t<h1 class=\"elementor-heading-title elementor-size-default\">Jugendkunstschule Kaiserslautern<\/h1>\t\t<\/div>\n\t\t\t\t<\/div>\n\t\t\t\t\t\t<\/div>\n\t\t\t\t\t<\/div>\n\t\t<\/div>\n\t\t\t\t\t\t\t\t<\/div>\n\t\t\t\t\t<\/div>\n\t\t<\/section>\n\t\t\t\t<section class=\"elementor-section elementor-top-section elementor-element elementor-element-cef74c9 elementor-section-boxed elementor-section-height-default elementor-section-height-default\" data-id=\"cef74c9\" data-element_type=\"section\" data-settings=\"{&quot;background_background&quot;:&quot;classic&quot;}\">\n\t\t\t\t\t\t<div class=\"elementor-container elementor-column-gap-default\">\n\t\t\t\t\t\t\t<div class=\"elementor-row\">\n\t\t\t\t\t<div class=\"elementor-column elementor-col-100 elementor-top-column elementor-element elementor-element-68d475e\" data-id=\"68d475e\" data-element_type=\"column\">\n\t\t\t<div class=\"elementor-column-wrap elementor-element-populated\">\n\t\t\t\t\t\t\t<div class=\"elementor-widget-wrap\">\n\t\t\t\t\t\t<div class=\"elementor-element elementor-element-a65cdc0 elementor-widget elementor-widget-text-editor\" data-id=\"a65cdc0\" data-element_type=\"widget\" data-widget_type=\"text-editor.default\">\n\t\t\t\t<div class=\"elementor-widget-container\">\n\t\t\t\t\t\t\t\t<div class=\"elementor-text-editor elementor-clearfix\">\n\t\t\t\t<p><strong>Jugendkunstschule Kaiserslautern e. V.<\/strong><br \/><strong>Kanalstr. 3<\/strong><br \/><strong>67655 Kaiserslautern<\/strong><\/p><p><strong>Ansprechpartnerin<\/strong><br \/><strong>Desir\u00e9e Kohl<\/strong><br \/>Telefon: 0631 36258-28<br \/>E-Mail: desiree.kohl@vhs-kaiserslautern.de<\/p><p><a href=\"https:\/\/www.vhs-kaiserslautern.de\/kurse\/junge-vhs-\/-jugendkunstschule\" target=\"_blank\" rel=\"noopener\">zu den Angeboten der Jugendkunstschule<\/a><\/p><p>Die Jugendkunstschule Kaiserslautern versteht sich als eine au\u00dferschulische Einrichtung der kulturellen Bildung mit einer spezifischen Zielgruppenausrichtung. Alle Kurse und Angebote sind themen\u00fcbergreifend f\u00fcr Kinder und Jugendliche konzipiert und ausgerichtet. Angesprochen werden alle jungen Menschen, egal welchen Alters, Religion oder kultureller wie sozialer Herkunft. Mit niederschwelligen Zug\u00e4ngen ist das Bildungsangebot der Jugendkunstschule auch f\u00fcr Kinder und Jugendliche mit eingeschr\u00e4nktem Zugang zu Kultureller Bildung ausgelegt. Jedem Teilnehmer soll die M\u00f6glichkeit der kulturellen Teilhabe und der individuellen kreativen Auseinandersetzung mit der eigenen Lebenswelt gegeben werden. Zus\u00e4tzlich sollen die Angebote ein nachhaltiges Interesse an Kunst und Kultur wecken und eigenes k\u00fcnstlerisches Potential fordern und f\u00f6rdern.<\/p><p>Alle Kurse werden von erfahrenen Kunstp\u00e4dagogen oder freischaffenden K\u00fcnstlern geleitet. Mehr dazu erfahrt ihr unter dem Button &#8222;Dozenten&#8220;. Durch die F\u00f6rderung des Landes Rheinland-Pfalz k\u00f6nnen wir die Kurse sehr preisg\u00fcnstig anbieten.<\/p><p>Die Jugendkunstschule der Volkshochschule versteht sich als Station der &#8222;Jugendkulturmeile Kaiserslautern&#8220;, welche die Angebote verschiedener st\u00e4dtischer und regionaler Einrichtungen mit unserer &#8222;jungen VHS&#8220; verbindet und vernetzt.<\/p>\t\t\t\t\t<\/div>\n\t\t\t\t\t\t<\/div>\n\t\t\t\t<\/div>\n\t\t\t\t\t\t<\/div>\n\t\t\t\t\t<\/div>\n\t\t<\/div>\n\t\t\t\t\t\t\t\t<\/div>\n\t\t\t\t\t<\/div>\n\t\t<\/section>\n\t\t\t\t<section class=\"elementor-section elementor-top-section elementor-element elementor-element-175239c6 elementor-section-boxed elementor-section-height-default elementor-section-height-default\" data-id=\"175239c6\" data-element_type=\"section\" data-settings=\"{&quot;background_background&quot;:&quot;classic&quot;}\">\n\t\t\t\t\t\t\t<div class=\"elementor-background-overlay\"><\/div>\n\t\t\t\t\t\t\t<div class=\"elementor-container elementor-column-gap-default\">\n\t\t\t\t\t\t\t<div class=\"elementor-row\">\n\t\t\t\t\t<div class=\"elementor-column elementor-col-100 elementor-top-column elementor-element elementor-element-14ce9d5d\" data-id=\"14ce9d5d\" data-element_type=\"column\">\n\t\t\t<div class=\"elementor-column-wrap elementor-element-populated\">\n\t\t\t\t\t\t\t<div class=\"elementor-widget-wrap\">\n\t\t\t\t\t\t<div class=\"elementor-element elementor-element-45762fa elementor-widget elementor-widget-menu-anchor\" data-id=\"45762fa\" data-element_type=\"widget\" data-widget_type=\"menu-anchor.default\">\n\t\t\t\t<div class=\"elementor-widget-container\">\n\t\t\t\t\t<div id=\"contact\" class=\"elementor-menu-anchor\"><\/div>\n\t\t\t\t<\/div>\n\t\t\t\t<\/div>\n\t\t\t\t<div class=\"elementor-element elementor-element-7e8c2c75 elementor-absolute elementor-widget elementor-widget-heading\" data-id=\"7e8c2c75\" data-element_type=\"widget\" data-settings=\"{&quot;_position&quot;:&quot;absolute&quot;}\" data-widget_type=\"heading.default\">\n\t\t\t\t<div class=\"elementor-widget-container\">\n\t\t\t<h2 class=\"elementor-heading-title elementor-size-default\"><br>\nBeteiligte<\/h2>\t\t<\/div>\n\t\t\t\t<\/div>\n\t\t\t\t<section class=\"elementor-section elementor-inner-section elementor-element elementor-element-146e154a elementor-hidden-tablet elementor-hidden-phone elementor-section-boxed elementor-section-height-default elementor-section-height-default\" data-id=\"146e154a\" data-element_type=\"section\" data-settings=\"{&quot;background_background&quot;:&quot;classic&quot;}\">\n\t\t\t\t\t\t<div class=\"elementor-container elementor-column-gap-default\">\n\t\t\t\t\t\t\t<div class=\"elementor-row\">\n\t\t\t\t\t<div class=\"elementor-column elementor-col-33 elementor-inner-column elementor-element elementor-element-62898bc6\" data-id=\"62898bc6\" data-element_type=\"column\">\n\t\t\t<div class=\"elementor-column-wrap elementor-element-populated\">\n\t\t\t\t\t\t\t<div class=\"elementor-widget-wrap\">\n\t\t\t\t\t\t<div class=\"elementor-element elementor-element-308ee58f elementor-position-left elementor-vertical-align-top elementor-widget elementor-widget-image-box\" data-id=\"308ee58f\" data-element_type=\"widget\" data-widget_type=\"image-box.default\">\n\t\t\t\t<div class=\"elementor-widget-container\">\n\t\t\t<div class=\"elementor-image-box-wrapper\"><div class=\"elementor-image-box-content\"><h6 class=\"elementor-image-box-title\">Projekttr\u00e4ger der Jugendkulturmeile Kaiserslautern<\/h6><p class=\"elementor-image-box-description\">Jugendkunstschule Kaiserslautern<br>\nc\/o Volkshochschule Kaiserslautern e.V<br>\nKanalstr. 3<br>67655 Kaiserslautern<br><br>\nTelefon: 0631\/36258-00, <br>\nFax: 0631\/36258-50<br>\nE-Mail:info@vhs-kaiserslautern.de<br>\nHomepage: vhs-kaiserslautern.de<br><br>\n<a href=\"https:\/\/jugendkulturmeile-kaiserslautern.de\/?page_id=1098\">Impressum<\/a><br>\n<a href=\"https:\/\/jugendkulturmeile-kaiserslautern.de\/?page_id=1114\">Datenschutz<\/a><\/p><\/div><\/div>\t\t<\/div>\n\t\t\t\t<\/div>\n\t\t\t\t\t\t<\/div>\n\t\t\t\t\t<\/div>\n\t\t<\/div>\n\t\t\t\t<div class=\"elementor-column elementor-col-33 elementor-inner-column elementor-element elementor-element-4bdfcc7c\" data-id=\"4bdfcc7c\" data-element_type=\"column\">\n\t\t\t<div class=\"elementor-column-wrap elementor-element-populated\">\n\t\t\t\t\t\t\t<div class=\"elementor-widget-wrap\">\n\t\t\t\t\t\t<div class=\"elementor-element elementor-element-775ddbd elementor-position-top elementor-vertical-align-top elementor-widget elementor-widget-image-box\" data-id=\"775ddbd\" data-element_type=\"widget\" data-widget_type=\"image-box.default\">\n\t\t\t\t<div class=\"elementor-widget-container\">\n\t\t\t<div class=\"elementor-image-box-wrapper\"><div class=\"elementor-image-box-content\"><p class=\"elementor-image-box-description\">Gef\u00f6rdert durch:<\/p><\/div><\/div>\t\t<\/div>\n\t\t\t\t<\/div>\n\t\t\t\t<div class=\"elementor-element elementor-element-a86037d elementor-widget elementor-widget-image\" data-id=\"a86037d\" data-element_type=\"widget\" data-widget_type=\"image.default\">\n\t\t\t\t<div class=\"elementor-widget-container\">\n\t\t\t\t\t\t\t\t<div class=\"elementor-image\">\n\t\t\t\t\t\t\t\t\t\t\t\t<img src=\"https:\/\/jugendkulturmeile-kaiserslautern.de\/wp-content\/uploads\/elementor\/thumbs\/MFFKI_mehrfarbig-pkzhn2f1xhoo9zhglgo7ovqo9xrwm2pt8x4xixk6ms.jpg\" title=\"MFFKI_mehrfarbig\" alt=\"MFFKI_mehrfarbig\" loading=\"lazy\" \/>\t\t\t\t\t\t\t\t\t\t\t\t\t\t<\/div>\n\t\t\t\t\t\t<\/div>\n\t\t\t\t<\/div>\n\t\t\t\t\t\t<\/div>\n\t\t\t\t\t<\/div>\n\t\t<\/div>\n\t\t\t\t<div class=\"elementor-column elementor-col-33 elementor-inner-column elementor-element elementor-element-4995f39a\" data-id=\"4995f39a\" data-element_type=\"column\">\n\t\t\t<div class=\"elementor-column-wrap elementor-element-populated\">\n\t\t\t\t\t\t\t<div class=\"elementor-widget-wrap\">\n\t\t\t\t\t\t<div class=\"elementor-element elementor-element-204e02e3 elementor-widget elementor-widget-heading\" data-id=\"204e02e3\" data-element_type=\"widget\" data-widget_type=\"heading.default\">\n\t\t\t\t<div class=\"elementor-widget-container\">\n\t\t\t<h6 class=\"elementor-heading-title elementor-size-default\"><a href=\"http:\/\/Alexis%20LLC%20UK.\">Tr\u00e4ger der Einrichtungen der Jugendkulturmeile sind<\/a><\/h6>\t\t<\/div>\n\t\t\t\t<\/div>\n\t\t\t\t<div class=\"elementor-element elementor-element-acd87c3 elementor-widget elementor-widget-image\" data-id=\"acd87c3\" data-element_type=\"widget\" data-widget_type=\"image.default\">\n\t\t\t\t<div class=\"elementor-widget-container\">\n\t\t\t\t\t\t\t\t<div class=\"elementor-image\">\n\t\t\t\t\t\t\t\t\t\t\t\t\t<a href=\"https:\/\/www.kaiserslautern.de\" target=\"_blank\">\n\t\t\t\t\t\t\t<img width=\"154\" height=\"70\" src=\"https:\/\/jugendkulturmeile-kaiserslautern.de\/wp-content\/uploads\/2020\/01\/logo-stadt.png\" class=\"attachment-large size-large wp-image-694\" alt=\"\" loading=\"lazy\" \/>\t\t\t\t\t\t\t\t<\/a>\n\t\t\t\t\t\t\t\t\t\t\t\t\t\t<\/div>\n\t\t\t\t\t\t<\/div>\n\t\t\t\t<\/div>\n\t\t\t\t<div class=\"elementor-element elementor-element-6a0ff2a elementor-widget elementor-widget-image\" data-id=\"6a0ff2a\" data-element_type=\"widget\" data-widget_type=\"image.default\">\n\t\t\t\t<div class=\"elementor-widget-container\">\n\t\t\t\t\t\t\t\t<div class=\"elementor-image\">\n\t\t\t\t\t\t\t\t\t\t\t\t\t<a href=\"https:\/\/www.bv-pfalz.de\" target=\"_blank\">\n\t\t\t\t\t\t\t<img width=\"214\" height=\"106\" src=\"https:\/\/jugendkulturmeile-kaiserslautern.de\/wp-content\/uploads\/2021\/03\/bezirksverband-pfalz.jpg\" class=\"attachment-large size-large wp-image-871\" alt=\"\" loading=\"lazy\" \/>\t\t\t\t\t\t\t\t<\/a>\n\t\t\t\t\t\t\t\t\t\t\t\t\t\t<\/div>\n\t\t\t\t\t\t<\/div>\n\t\t\t\t<\/div>\n\t\t\t\t<div class=\"elementor-element elementor-element-f81dbd9 elementor-widget elementor-widget-image\" data-id=\"f81dbd9\" data-element_type=\"widget\" data-widget_type=\"image.default\">\n\t\t\t\t<div class=\"elementor-widget-container\">\n\t\t\t\t\t\t\t\t<div class=\"elementor-image\">\n\t\t\t\t\t\t\t\t\t\t\t\t\t<a href=\"https:\/\/www.vhs-kaiserslautern.de\" target=\"_blank\">\n\t\t\t\t\t\t\t<img width=\"373\" height=\"106\" src=\"https:\/\/jugendkulturmeile-kaiserslautern.de\/wp-content\/uploads\/2022\/03\/vhs-logo.jpg\" class=\"attachment-large size-large wp-image-1550\" alt=\"\" loading=\"lazy\" srcset=\"https:\/\/jugendkulturmeile-kaiserslautern.de\/wp-content\/uploads\/2022\/03\/vhs-logo.jpg 373w, https:\/\/jugendkulturmeile-kaiserslautern.de\/wp-content\/uploads\/2022\/03\/vhs-logo-300x85.jpg 300w\" sizes=\"(max-width: 373px) 100vw, 373px\" \/>\t\t\t\t\t\t\t\t<\/a>\n\t\t\t\t\t\t\t\t\t\t\t\t\t\t<\/div>\n\t\t\t\t\t\t<\/div>\n\t\t\t\t<\/div>\n\t\t\t\t\t\t<\/div>\n\t\t\t\t\t<\/div>\n\t\t<\/div>\n\t\t\t\t\t\t\t\t<\/div>\n\t\t\t\t\t<\/div>\n\t\t<\/section>\n\t\t\t\t\t\t<\/div>\n\t\t\t\t\t<\/div>\n\t\t<\/div>\n\t\t\t\t\t\t\t\t<\/div>\n\t\t\t\t\t<\/div>\n\t\t<\/section>\n\t\t\t\t\t\t\t\t\t<\/div>\n\t\t\t<\/div>\n\t\t\t\t\t<\/div>\n\t\t","protected":false},"excerpt":{"rendered":"<p>Jugendkunstschule Kaiserslautern Jugendkunstschule Kaiserslautern e. V.Kanalstr. 367655 Kaiserslautern AnsprechpartnerinDesir\u00e9e KohlTelefon: 0631 36258-28E-Mail: desiree.kohl@vhs-kaiserslautern.de zu den Angeboten der Jugendkunstschule Die Jugendkunstschule Kaiserslautern versteht sich als eine au\u00dferschulische Einrichtung der kulturellen Bildung mit einer spezifischen Zielgruppenausrichtung. Alle Kurse und Angebote sind themen\u00fcbergreifend f\u00fcr Kinder und Jugendliche konzipiert und ausgerichtet. Angesprochen werden alle jungen Menschen, egal welchen Alters,&hellip;&nbsp;<a href=\"https:\/\/jugendkulturmeile-kaiserslautern.de\/?page_id=1021\" class=\"\" rel=\"bookmark\">Weiterlesen &raquo;<span class=\"screen-reader-text\">Info-Jugendkunstschule<\/span><\/a><\/p>\n","protected":false},"author":1,"featured_media":0,"parent":0,"menu_order":0,"comment_status":"closed","ping_status":"open","template":"page-templates\/template-pagebuilder-full-width.php","meta":{"neve_meta_sidebar":"","neve_meta_container":"","neve_meta_enable_content_width":"off","neve_meta_content_width":0,"neve_meta_title_alignment":"","neve_meta_author_avatar":"","neve_post_elements_order":"","neve_meta_disable_header":"","neve_meta_disable_footer":"","neve_meta_disable_title":""},"_links":{"self":[{"href":"https:\/\/jugendkulturmeile-kaiserslautern.de\/index.php?rest_route=\/wp\/v2\/pages\/1021"}],"collection":[{"href":"https:\/\/jugendkulturmeile-kaiserslautern.de\/index.php?rest_route=\/wp\/v2\/pages"}],"about":[{"href":"https:\/\/jugendkulturmeile-kaiserslautern.de\/index.php?rest_route=\/wp\/v2\/types\/page"}],"author":[{"embeddable":true,"href":"https:\/\/jugendkulturmeile-kaiserslautern.de\/index.php?rest_route=\/wp\/v2\/users\/1"}],"replies":[{"embeddable":true,"href":"https:\/\/jugendkulturmeile-kaiserslautern.de\/index.php?rest_route=%2Fwp%2Fv2%2Fcomments&post=1021"}],"version-history":[{"count":40,"href":"https:\/\/jugendkulturmeile-kaiserslautern.de\/index.php?rest_route=\/wp\/v2\/pages\/1021\/revisions"}],"predecessor-version":[{"id":2092,"href":"https:\/\/jugendkulturmeile-kaiserslautern.de\/index.php?rest_route=\/wp\/v2\/pages\/1021\/revisions\/2092"}],"wp:attachment":[{"href":"https:\/\/jugendkulturmeile-kaiserslautern.de\/index.php?rest_route=%2Fwp%2Fv2%2Fmedia&parent=1021"}],"curies":[{"name":"wp","href":"https:\/\/api.w.org\/{rel}","templated":true}]}}